{"id":890,"date":"2021-01-11T09:09:49","date_gmt":"2021-01-11T09:09:49","guid":{"rendered":"https:\/\/www.capezzonearchitecture.com\/contact\/"},"modified":"2021-11-06T09:22:41","modified_gmt":"2021-11-06T08:22:41","slug":"contact","status":"publish","type":"page","link":"https:\/\/www.capezzonearchitecture.com\/fr\/contact\/","title":{"rendered":"Contact"},"content":{"rendered":"<section class=\"wpb-content-wrapper\"><p>[vc_row full_width=\u00a0\u00bbstretch_row_content_no_spaces\u00a0\u00bb el_class=\u00a0\u00bbsite-row-pt150x\u00a0\u00bb][vc_column]<div class=\"site-info-block-v1 site-info-left\">\n                        <div class=\"site-info-holder\">\n                            <div class=\"site-info-col-l\">\n                                <div class=\"site-info-image\">\n                                    <figure>\n                                        <img src=\"https:\/\/www.capezzonearchitecture.com\/wp-content\/uploads\/2021\/02\/capezzone_architecture_luxury_interior_design_contact.jpg\" class=\"img-fluid\" alt=\"\"\/>\n                                    <\/figure>\n                                    <div class=\"site-info-image-caption\">\n                                        <div class=\"site-info-image-holder\"><h5>THOMAS CAPEZZONE<\/h5>                        <\/div>\n                                    <\/div>\n                                <\/div>\n                            <\/div>\n                            <div class=\"site-info-col-r\">\n                                <div class=\"site-info-text-holder\">\n                                    <div class=\"site-info-text\">\n                                        <div class=\"site-info-text-title\"><span class=\"wow fadeInUp\" data-wow-delay=\"1.3s\">CONTACT<\/span><h2><div class=\"d-inline wow fadeInUp\" data-wow-delay=\"0.3s\">C<\/div><div class=\"d-inline wow fadeInUp\" data-wow-delay=\"0.4s\">O<\/div><div class=\"d-inline wow fadeInUp\" data-wow-delay=\"0.5s\">N<\/div><div class=\"d-inline wow fadeInUp\" data-wow-delay=\"0.6s\">T<\/div><div class=\"d-inline wow fadeInUp\" data-wow-delay=\"0.7s\">A<\/div><div class=\"d-inline wow fadeInUp\" data-wow-delay=\"0.8s\">C<\/div><div class=\"d-inline wow fadeInUp\" data-wow-delay=\"0.9s\">T<\/div><\/h2>                        <\/div>\n\n                                        <div class=\"site-info-text-desc\">\n                                            <div class=\"wow fadeInUp\" data-wow-delay=\"1s\"><p>Ici, \u00e0 Capezzone Architecture, nous nous effor\u00e7ons de vous offrir le meilleur service possible. Si vous avez des questions ou si vous d\u00e9sirez nous laisser un commentaire ou une suggestion, veuillez nous contacter en remplissant le formulaire ci-dessous.<\/p>\n<p>Vous pr\u00e9f\u00e9rez discuter de vive voix avec l\u2019un des membres notre \u00e9quipe ? Appelez-nous au +33(0)4 79 40 08 80<\/p>\n<\/div><a href=\"\" class=\"btn button-action\" target=\"\" data-toggle=\"modal\" data-target=\"#contact-form-modal\"><span class=\"btn-text\">ENVOYER UNE DEMANDE<\/span><svg class=\"btn-svg\" height=\"100%\" width=\"100%\" xmlns=\"http:\/\/www.w3.org\/2000\/svg\"><rect class=\"btn-shape\" height=\"100%\" width=\"100%\"><\/rect><\/svg><\/a>                    <\/div><\/div>\n                                <\/div>\n                            <\/div>\n                        <\/div>\n                    <\/div><div class=\"site-blocks-separator \"><\/div>[\/vc_column][\/vc_row]<\/p>\n<\/section>","protected":false},"excerpt":{"rendered":"<p>[vc_row full_width=\u00a0\u00bbstretch_row_content_no_spaces\u00a0\u00bb el_class=\u00a0\u00bbsite-row-pt150x\u00a0\u00bb][vc_column][\/vc_column][\/vc_row]<\/p>\n","protected":false},"author":1,"featured_media":0,"parent":0,"menu_order":0,"comment_status":"closed","ping_status":"closed","template":"template-full-image-page.php","meta":[],"yoast_head":"<!-- This site is optimized with the Yoast SEO plugin v20.0 - https:\/\/yoast.com\/wordpress\/plugins\/seo\/ -->\n<title>Contact - Capezzone Architecture<\/title>\n<meta name=\"description\" content=\"Vous avez un projet ? Si vous avez des questions ou si vous d\u00e9sirez nous laisser un commentaire contactez-nous !\" \/>\n<meta name=\"robots\" content=\"index, follow, max-snippet:-1, max-image-preview:large, max-video-preview:-1\" \/>\n<link rel=\"canonical\" href=\"https:\/\/www.capezzonearchitecture.com\/fr\/contact\/\" \/>\n<meta property=\"og:locale\" content=\"fr_FR\" \/>\n<meta property=\"og:type\" content=\"article\" \/>\n<meta property=\"og:title\" content=\"Contact - Capezzone Architecture\" \/>\n<meta property=\"og:description\" content=\"Vous avez un projet ? Si vous avez des questions ou si vous d\u00e9sirez nous laisser un commentaire contactez-nous !\" \/>\n<meta property=\"og:url\" content=\"https:\/\/www.capezzonearchitecture.com\/fr\/contact\/\" \/>\n<meta property=\"og:site_name\" content=\"Capezzone Architecture\" \/>\n<meta property=\"article:modified_time\" content=\"2021-11-06T08:22:41+00:00\" \/>\n<meta name=\"twitter:card\" content=\"summary_large_image\" \/>\n<meta name=\"twitter:label1\" content=\"Dur\u00e9e de lecture estim\u00e9e\" \/>\n\t<meta name=\"twitter:data1\" content=\"1 minute\" \/>\n<script type=\"application\/ld+json\" class=\"yoast-schema-graph\">{\"@context\":\"https:\/\/schema.org\",\"@graph\":[{\"@type\":\"WebPage\",\"@id\":\"https:\/\/www.capezzonearchitecture.com\/fr\/contact\/\",\"url\":\"https:\/\/www.capezzonearchitecture.com\/fr\/contact\/\",\"name\":\"Contact - Capezzone Architecture\",\"isPartOf\":{\"@id\":\"https:\/\/www.capezzonearchitecture.com\/fr\/#website\"},\"datePublished\":\"2021-01-11T09:09:49+00:00\",\"dateModified\":\"2021-11-06T08:22:41+00:00\",\"description\":\"Vous avez un projet ? Si vous avez des questions ou si vous d\u00e9sirez nous laisser un commentaire contactez-nous !\",\"breadcrumb\":{\"@id\":\"https:\/\/www.capezzonearchitecture.com\/fr\/contact\/#breadcrumb\"},\"inLanguage\":\"fr-FR\",\"potentialAction\":[{\"@type\":\"ReadAction\",\"target\":[\"https:\/\/www.capezzonearchitecture.com\/fr\/contact\/\"]}]},{\"@type\":\"BreadcrumbList\",\"@id\":\"https:\/\/www.capezzonearchitecture.com\/fr\/contact\/#breadcrumb\",\"itemListElement\":[{\"@type\":\"ListItem\",\"position\":1,\"name\":\"Home\",\"item\":\"https:\/\/www.capezzonearchitecture.com\/fr\/\"},{\"@type\":\"ListItem\",\"position\":2,\"name\":\"Contact\"}]},{\"@type\":\"WebSite\",\"@id\":\"https:\/\/www.capezzonearchitecture.com\/fr\/#website\",\"url\":\"https:\/\/www.capezzonearchitecture.com\/fr\/\",\"name\":\"Capezzone Architecture\",\"description\":\"Luxury Interior Design | Courchevel\",\"publisher\":{\"@id\":\"https:\/\/www.capezzonearchitecture.com\/fr\/#organization\"},\"potentialAction\":[{\"@type\":\"SearchAction\",\"target\":{\"@type\":\"EntryPoint\",\"urlTemplate\":\"https:\/\/www.capezzonearchitecture.com\/fr\/?s={search_term_string}\"},\"query-input\":\"required name=search_term_string\"}],\"inLanguage\":\"fr-FR\"},{\"@type\":\"Organization\",\"@id\":\"https:\/\/www.capezzonearchitecture.com\/fr\/#organization\",\"name\":\"Capezzone Architecture\",\"url\":\"https:\/\/www.capezzonearchitecture.com\/fr\/\",\"logo\":{\"@type\":\"ImageObject\",\"inLanguage\":\"fr-FR\",\"@id\":\"https:\/\/www.capezzonearchitecture.com\/fr\/#\/schema\/logo\/image\/\",\"url\":\"https:\/\/www.capezzonearchitecture.com\/wp-content\/uploads\/2021\/02\/capezzone_logo.png\",\"contentUrl\":\"https:\/\/www.capezzonearchitecture.com\/wp-content\/uploads\/2021\/02\/capezzone_logo.png\",\"width\":526,\"height\":96,\"caption\":\"Capezzone Architecture\"},\"image\":{\"@id\":\"https:\/\/www.capezzonearchitecture.com\/fr\/#\/schema\/logo\/image\/\"}}]}<\/script>\n<!-- \/ Yoast SEO plugin. -->","yoast_head_json":{"title":"Contact - Capezzone Architecture","description":"Vous avez un projet ? Si vous avez des questions ou si vous d\u00e9sirez nous laisser un commentaire contactez-nous !","robots":{"index":"index","follow":"follow","max-snippet":"max-snippet:-1","max-image-preview":"max-image-preview:large","max-video-preview":"max-video-preview:-1"},"canonical":"https:\/\/www.capezzonearchitecture.com\/fr\/contact\/","og_locale":"fr_FR","og_type":"article","og_title":"Contact - Capezzone Architecture","og_description":"Vous avez un projet ? Si vous avez des questions ou si vous d\u00e9sirez nous laisser un commentaire contactez-nous !","og_url":"https:\/\/www.capezzonearchitecture.com\/fr\/contact\/","og_site_name":"Capezzone Architecture","article_modified_time":"2021-11-06T08:22:41+00:00","twitter_card":"summary_large_image","twitter_misc":{"Dur\u00e9e de lecture estim\u00e9e":"1 minute"},"schema":{"@context":"https:\/\/schema.org","@graph":[{"@type":"WebPage","@id":"https:\/\/www.capezzonearchitecture.com\/fr\/contact\/","url":"https:\/\/www.capezzonearchitecture.com\/fr\/contact\/","name":"Contact - Capezzone Architecture","isPartOf":{"@id":"https:\/\/www.capezzonearchitecture.com\/fr\/#website"},"datePublished":"2021-01-11T09:09:49+00:00","dateModified":"2021-11-06T08:22:41+00:00","description":"Vous avez un projet ? Si vous avez des questions ou si vous d\u00e9sirez nous laisser un commentaire contactez-nous !","breadcrumb":{"@id":"https:\/\/www.capezzonearchitecture.com\/fr\/contact\/#breadcrumb"},"inLanguage":"fr-FR","potentialAction":[{"@type":"ReadAction","target":["https:\/\/www.capezzonearchitecture.com\/fr\/contact\/"]}]},{"@type":"BreadcrumbList","@id":"https:\/\/www.capezzonearchitecture.com\/fr\/contact\/#breadcrumb","itemListElement":[{"@type":"ListItem","position":1,"name":"Home","item":"https:\/\/www.capezzonearchitecture.com\/fr\/"},{"@type":"ListItem","position":2,"name":"Contact"}]},{"@type":"WebSite","@id":"https:\/\/www.capezzonearchitecture.com\/fr\/#website","url":"https:\/\/www.capezzonearchitecture.com\/fr\/","name":"Capezzone Architecture","description":"Luxury Interior Design | Courchevel","publisher":{"@id":"https:\/\/www.capezzonearchitecture.com\/fr\/#organization"},"potentialAction":[{"@type":"SearchAction","target":{"@type":"EntryPoint","urlTemplate":"https:\/\/www.capezzonearchitecture.com\/fr\/?s={search_term_string}"},"query-input":"required name=search_term_string"}],"inLanguage":"fr-FR"},{"@type":"Organization","@id":"https:\/\/www.capezzonearchitecture.com\/fr\/#organization","name":"Capezzone Architecture","url":"https:\/\/www.capezzonearchitecture.com\/fr\/","logo":{"@type":"ImageObject","inLanguage":"fr-FR","@id":"https:\/\/www.capezzonearchitecture.com\/fr\/#\/schema\/logo\/image\/","url":"https:\/\/www.capezzonearchitecture.com\/wp-content\/uploads\/2021\/02\/capezzone_logo.png","contentUrl":"https:\/\/www.capezzonearchitecture.com\/wp-content\/uploads\/2021\/02\/capezzone_logo.png","width":526,"height":96,"caption":"Capezzone Architecture"},"image":{"@id":"https:\/\/www.capezzonearchitecture.com\/fr\/#\/schema\/logo\/image\/"}}]}},"_links":{"self":[{"href":"https:\/\/www.capezzonearchitecture.com\/fr\/wp-json\/wp\/v2\/pages\/890"}],"collection":[{"href":"https:\/\/www.capezzonearchitecture.com\/fr\/wp-json\/wp\/v2\/pages"}],"about":[{"href":"https:\/\/www.capezzonearchitecture.com\/fr\/wp-json\/wp\/v2\/types\/page"}],"author":[{"embeddable":true,"href":"https:\/\/www.capezzonearchitecture.com\/fr\/wp-json\/wp\/v2\/users\/1"}],"replies":[{"embeddable":true,"href":"https:\/\/www.capezzonearchitecture.com\/fr\/wp-json\/wp\/v2\/comments?post=890"}],"version-history":[{"count":1,"href":"https:\/\/www.capezzonearchitecture.com\/fr\/wp-json\/wp\/v2\/pages\/890\/revisions"}],"predecessor-version":[{"id":891,"href":"https:\/\/www.capezzonearchitecture.com\/fr\/wp-json\/wp\/v2\/pages\/890\/revisions\/891"}],"wp:attachment":[{"href":"https:\/\/www.capezzonearchitecture.com\/fr\/wp-json\/wp\/v2\/media?parent=890"}],"curies":[{"name":"wp","href":"https:\/\/api.w.org\/{rel}","templated":true}]}}